{"id":79844,"date":"2020-04-21T13:57:23","date_gmt":"2020-04-21T13:57:23","guid":{"rendered":"https:\/\/fratelliscala.eu\/cookie-policy\/"},"modified":"2020-05-05T08:42:43","modified_gmt":"2020-05-05T08:42:43","slug":"cookie-policy","status":"publish","type":"page","link":"https:\/\/fratelliscala.eu\/en\/cookie-policy\/","title":{"rendered":"Cookie Policy"},"content":{"rendered":"<h2>Cookie Policy di fratelliscala.eu\/<\/h2>\n<p>I Cookie o altri Identificatori sono costituiti da porzioni di codice collocate sul dispositivo dell&#8217;Utente che assistono il Titolare nell&#8217;erogazione del Servizio in base alle finalit\u00e0 descritte.<\/p>\n<p>Alcune delle finalit\u00e0 di utilizzo degli Identificatori potrebbero, inoltre, necessitare del consenso dell\u2019Utente. Qualora sia gi\u00e0 stato prestato, il consenso pu\u00f2 essere revocato liberamente in qualsiasi momento seguendo le istruzioni contenute in questo documento.<\/p>\n<h3>Attivit\u00e0 strettamente necessarie a garantire il Funzionamento di questa Applicazione e la fornitura del Servizio<\/h3>\n<p>Questa Applicazione usa Cookie o altri Identificatori per svolgere attivit\u00e0 che sono strettamente necessarie a garantire il funzionamento o la fornitura del Servizio e, pertanto, non richiedono il consenso degli Utenti. Gli Utenti possono disabilitare tali Identificatori modificando le impostazioni del proprio browser o del proprio dispositivo cos\u00ec come descritto pi\u00f9 dettagliatamente nel presente documento tuttavia ci\u00f2 potrebbe influire negativamente sulle funzioni operative di base o comportare l&#8217;indisponibilit\u00e0 del Servizio.<\/p>\n<h3>Altre Attivit\u00e0<\/h3>\n<h4>Esperienza migliorata<\/h4>\n<p>Questa Applicazione usa Cookie o altri Identificatori per fornire una user experience personalizzata migliorando la qualit\u00e0 della gestione delle impostazioni e consentendo l&#8217;interazione con network e piattaforme esterne.<\/p>\n<ul>\n<li>\n<h3>Visualizzazione di contenuti da piattaforme esterne<\/h3>\n<p>Questo tipo di servizi permette di visualizzare contenuti ospitati su piattaforme esterne direttamente dalle pagine di questa Applicazione e di interagire con essi.<br \/>\nQuesto tipo di servizio potrebbe comunque raccogliere dati sul traffico web relativo alle pagine dove il servizio \u00e8 installato, anche quando gli utenti non lo utilizzano.<\/p>\n<h4>Widget Google Maps (Google Ireland Limited)<\/h4>\n<p>Google Maps \u00e8 un servizio di visualizzazione di mappe gestito da Google Ireland Limited che permette a questa Applicazione di integrare tali contenuti all\u2019interno delle proprie pagine.<\/p>\n<p>Dati Personali trattati: Cookie e Dati di utilizzo.<\/p>\n<p>Luogo del trattamento: Irlanda \u2013\u00a0<a href=\"https:\/\/policies.google.com\/privacy\" target=\"_blank\" rel=\"noopener noreferrer\">Privacy Policy<\/a>. Soggetto aderente al Privacy Shield.<\/li>\n<\/ul>\n<h4>Misurazione<\/h4>\n<p>Questa Applicazione usa Cookie o altri Identificatori per misurare il traffico e analizzare il comportamento degli Utenti con l&#8217;obiettivo di migliorare il Servizio.<\/p>\n<ul>\n<li>\n<h3>Statistica<\/h3>\n<p>I servizi contenuti nella presente sezione permettono al Titolare del Trattamento di monitorare e analizzare i dati di traffico e servono a tener traccia del comportamento dell\u2019Utente.<\/p>\n<h4>Google Analytics (Google Ireland Limited)<\/h4>\n<p>Google Analytics \u00e8 un servizio di analisi web fornito da Google Ireland Limited (\u201cGoogle\u201d). Google utilizza i Dati Personali raccolti allo scopo di tracciare ed esaminare l\u2019utilizzo di questa Applicazione, compilare report e condividerli con gli altri servizi sviluppati da Google.<br \/>\nGoogle potrebbe utilizzare i Dati Personali per contestualizzare e personalizzare gli annunci del proprio network pubblicitario.<\/p>\n<p>Dati Personali trattati: Cookie e Dati di utilizzo.<\/p>\n<p>Luogo del trattamento: Irlanda \u2013\u00a0<a href=\"https:\/\/policies.google.com\/privacy\" target=\"_blank\" rel=\"noopener noreferrer\">Privacy Policy<\/a>\u00a0\u2013\u00a0<a href=\"https:\/\/tools.google.com\/dlpage\/gaoptout?hl=en\" target=\"_blank\" rel=\"noopener noreferrer\">Opt Out<\/a>. Soggetto aderente al Privacy Shield.<\/li>\n<\/ul>\n<h3 id=\"manage_cookies\">Come prestare o revocare il consenso<\/h3>\n<p>Gli Utenti possono prestare o revocare il proprio consenso all\u2019uso dei Cookie e altri Identificatori impostando di conseguenza le proprie preferenze all\u2019interno dell\u2019infomativa sui cookie o aggiornando tali preferenze tramite l\u2019apposito widget per le impostazioni di consenso, se disponibile.<\/p>\n<p>In aggiunta, gli Utenti possono gestire le proprie preferenze relative agli Identificatori direttamente dalle impostazioni del proprio dispositivo e prevenire &#8211; per esempio &#8211; l&#8217;accettazione di Identificatori di terze parti. Tramite le impostazioni del browser o del dispositivo, \u00e8 inoltre possibile eliminare gli Identificatori salvati in passato, inclusi quelli usati per memorizzare il consenso iniziale prestato dall\u2019Utente. Gli Utenti possono, trovare informazioni su come gestire gli Identificatori con alcuni dei browser pi\u00f9 diffusi, ad esempio, ai seguenti indirizzi:\u00a0<a href=\"https:\/\/support.google.com\/chrome\/answer\/95647?hl=en&amp;p=cpn_cookies\" target=\"_blank\" rel=\"noopener nofollow noreferrer\">Google Chrome<\/a>,\u00a0<a href=\"https:\/\/support.mozilla.org\/en-US\/kb\/enable-and-disable-cookies-website-preferences\" target=\"_blank\" rel=\"noopener nofollow noreferrer\">Mozilla Firefox<\/a>,\u00a0<a href=\"https:\/\/support.apple.com\/guide\/safari\/manage-cookies-and-website-data-sfri11471\/\" target=\"_blank\" rel=\"noopener nofollow noreferrer\">Apple Safari<\/a>\u00a0e\u00a0<a href=\"http:\/\/windows.microsoft.com\/en-us\/windows-vista\/block-or-allow-cookies\" target=\"_blank\" rel=\"noopener nofollow noreferrer\">Microsoft Internet Explorer<\/a>.<\/p>\n<p>Con riferimento agli Identificatori impiegati da terze parti, gli Utenti possono gestire le proprie impostazioni e revocare il proprio consenso visitando il relativo link di opt out (qualora disponibile), utilizzando gli strumenti descritti nella privacy policy della terza parte o contattando direttamente la stessa.<\/p>\n<p>Fermo restando quanto precede, si informano gli Utenti della possibilit\u00e0 di avvalersi delle informazioni fornite da\u00a0<a href=\"http:\/\/www.youronlinechoices.eu\/\" target=\"_blank\" rel=\"noopener nofollow noreferrer\">YourOnlineChoices<\/a>\u00a0(EU), the\u00a0<a href=\"https:\/\/www.networkadvertising.org\/understanding-digital-advertising\" target=\"_blank\" rel=\"noopener nofollow noreferrer\">Network Advertising Initiative<\/a>\u00a0(USA) and the\u00a0<a href=\"https:\/\/www.aboutads.info\/consumers\/\" target=\"_blank\" rel=\"noopener nofollow noreferrer\">Digital Advertising Alliance<\/a>\u00a0(USA),\u00a0<a href=\"https:\/\/youradchoices.ca\/understanding-online-advertising\/\" target=\"_blank\" rel=\"noopener nofollow noreferrer\">DAAC<\/a>\u00a0(Canada),\u00a0<a href=\"http:\/\/www.ddai.info\/optout\" target=\"_blank\" rel=\"noopener nofollow noreferrer\">DDAI<\/a>\u00a0(Giappone) o altri servizi analoghi. Con questi servizi \u00e8 possibile gestire le preferenze di tracciamento della maggior parte degli strumenti pubblicitari. Il Titolare, pertanto, consiglia agli Utenti di utilizzare tali risorse in aggiunta alle informazioni fornite dal presente documento.<\/p>\n<h3 id=\"owner_of_the_data\">Titolare del Trattamento dei Dati<\/h3>\n<p>F.LLI SCALA MARMI srl \u2013 Via Pernisa, 14 \u2013 Lugo di Grezzana (VR) \u2013 Italy \u2013 37023 \u2013 Tel +39 0458801188 \u2013 Fax +39 0458801725 \u2013 P.IVA: 00763600236 \u2013 REA VR 156206<\/p>\n<p><b>Indirizzo email del Titolare:<\/b>\u00a0f.lliscalamarmi@libero.it<\/p>\n<p>Dal momento che l\u2019uso di Cookie e altri Identificatori operato da terze parti tramite i servizi utilizzati all&#8217;interno di questa Applicazione non pu\u00f2 essere tecnicamente controllato dal Titolare, ogni riferimento specifico ad Identificatori utilizzati da terze parti \u00e8 da considerarsi indicativo. Per ottenere informazioni complete, l\u2019Utente \u00e8 invitato a consultare la privacy policy degli eventuali servizi terzi elencati in questo documento.<\/p>\n<p>Vista l&#8217;oggettiva complessit\u00e0 di identificazione delle tecnologie basate sui Cookie e altri Identificatori, gli Utenti sono invitati a contattare il Titolare qualora volessero ricevere qualunque approfondimento relativo all&#8217;utilizzo di tali Identificatori tramite questa Applicazione.<\/p>\n<h3>Definizioni e riferimenti legali<\/h3>\n<h4>Dati Personali (o Dati)<\/h4>\n<p>Costituisce dato personale qualunque informazione che, direttamente o indirettamente, anche in collegamento con qualsiasi altra informazione, ivi compreso un numero di identificazione personale, renda identificata o identificabile una persona fisica.<\/p>\n<h4>Dati di Utilizzo<\/h4>\n<p>Sono le informazioni raccolte automaticamente attraverso questa Applicazione (anche da applicazioni di parti terze integrate in questa Applicazione), tra cui: gli indirizzi IP o i nomi a dominio dei computer utilizzati dall\u2019Utente che si connette con questa Applicazione, gli indirizzi in notazione URI (Uniform Resource Identifier), l\u2019orario della richiesta, il metodo utilizzato nell\u2019inoltrare la richiesta al server, la dimensione del file ottenuto in risposta, il codice numerico indicante lo stato della risposta dal server (buon fine, errore, ecc.) il paese di provenienza, le caratteristiche del browser e del sistema operativo utilizzati dal visitatore, le varie connotazioni temporali della visita (ad esempio il tempo di permanenza su ciascuna pagina) e i dettagli relativi all\u2019itinerario seguito all\u2019interno dell\u2019Applicazione, con particolare riferimento alla sequenza delle pagine consultate, ai parametri relativi al sistema operativo e all\u2019ambiente informatico dell\u2019Utente.<\/p>\n<h4>Utente<\/h4>\n<p>L&#8217;individuo che utilizza questa Applicazione che, salvo ove diversamente specificato, coincide con l&#8217;Interessato.<\/p>\n<h4>Interessato<\/h4>\n<p>La persona fisica cui si riferiscono i Dati Personali.<\/p>\n<h4>Responsabile del Trattamento (o Responsabile)<\/h4>\n<p>La persona fisica, giuridica, la pubblica amministrazione e qualsiasi altro ente che tratta dati personali per conto del Titolare, secondo quanto esposto nella presente privacy policy.<\/p>\n<h4>Titolare del Trattamento (o Titolare)<\/h4>\n<p>La persona fisica o giuridica, l&#8217;autorit\u00e0 pubblica, il servizio o altro organismo che, singolarmente o insieme ad altri, determina le finalit\u00e0 e i mezzi del trattamento di dati personali e gli strumenti adottati, ivi comprese le misure di sicurezza relative al funzionamento ed alla fruizione di questa Applicazione. Il Titolare del Trattamento, salvo quanto diversamente specificato, \u00e8 il titolare di questa Applicazione.<\/p>\n<h4>Questa Applicazione<\/h4>\n<p>Lo strumento hardware o software mediante il quale sono raccolti e trattati i Dati Personali degli Utenti.<\/p>\n<h4>Servizio<\/h4>\n<p>Il Servizio fornito da questa Applicazione cos\u00ec come definito nei relativi termini (se presenti) su questo sito\/applicazione.<\/p>\n<h4>Unione Europea (o UE)<\/h4>\n<p>Salvo ove diversamente specificato, ogni riferimento all\u2019Unione Europea contenuto in questo documento si intende esteso a tutti gli attuali stati membri dell\u2019Unione Europea e dello Spazio Economico Europeo.<\/p>\n<h4>Cookie<\/h4>\n<p>I Cookie sono Identificatori che consistono in piccole porzioni di dati conservate all&#8217;interno del dispositivo dell&#8217;Utente.<\/p>\n<h4>Identificatori<\/h4>\n<p>Qualsiasi tecnologia &#8211; compresi i Cookie &#8211; che permette la conservazione di informazioni, o l\u2019accesso ad informazioni gi\u00e0 salvate, sul dispositivo dell\u2019Utente.<\/p>\n<hr \/>\n<h4>Riferimenti legali<\/h4>\n<p>La presente informativa privacy \u00e8 redatta sulla base di molteplici ordinamenti legislativi, inclusi gli artt. 13 e 14 del Regolamento (UE) 2016\/679.<\/p>\n<p>Ove non diversamente specificato, questa informativa privacy riguarda esclusivamente questa Applicazione.<\/p>\n","protected":false},"excerpt":{"rendered":"<p>Cookie Policy di fratelliscala.eu\/ I Cookie o altri Identificatori sono costituiti da porzioni di codice collocate sul dispositivo dell&#8217;Utente che [&hellip;]<\/p>\n","protected":false},"author":3,"featured_media":0,"parent":0,"menu_order":0,"comment_status":"closed","ping_status":"closed","template":"","meta":{"inline_featured_image":false,"footnotes":""},"class_list":["post-79844","page","type-page","status-publish","hentry"],"yoast_head":"<!-- This site is optimized with the Yoast SEO plugin v25.9 - https:\/\/yoast.com\/wordpress\/plugins\/seo\/ -->\n<title>Cookie Policy - Fratelli Scala<\/title>\n<meta name=\"robots\" content=\"index, follow, max-snippet:-1, max-image-preview:large, max-video-preview:-1\" \/>\n<link rel=\"canonical\" href=\"https:\/\/fratelliscala.eu\/en\/cookie-policy\/\" \/>\n<meta property=\"og:locale\" content=\"en_US\" \/>\n<meta property=\"og:type\" content=\"article\" \/>\n<meta property=\"og:title\" content=\"Cookie Policy - Fratelli Scala\" \/>\n<meta property=\"og:description\" content=\"Cookie Policy di fratelliscala.eu\/ I Cookie o altri Identificatori sono costituiti da porzioni di codice collocate sul dispositivo dell&#8217;Utente che [&hellip;]\" \/>\n<meta property=\"og:url\" content=\"https:\/\/fratelliscala.eu\/en\/cookie-policy\/\" \/>\n<meta property=\"og:site_name\" content=\"Fratelli Scala\" \/>\n<meta property=\"article:modified_time\" content=\"2020-05-05T08:42:43+00:00\" \/>\n<meta name=\"twitter:card\" content=\"summary_large_image\" \/>\n<meta name=\"twitter:label1\" content=\"Est. reading time\" \/>\n\t<meta name=\"twitter:data1\" content=\"6 minutes\" \/>\n<script type=\"application\/ld+json\" class=\"yoast-schema-graph\">{\"@context\":\"https:\/\/schema.org\",\"@graph\":[{\"@type\":\"WebPage\",\"@id\":\"https:\/\/fratelliscala.eu\/en\/cookie-policy\/\",\"url\":\"https:\/\/fratelliscala.eu\/en\/cookie-policy\/\",\"name\":\"Cookie Policy - Fratelli Scala\",\"isPartOf\":{\"@id\":\"https:\/\/fratelliscala.eu\/en\/#website\"},\"datePublished\":\"2020-04-21T13:57:23+00:00\",\"dateModified\":\"2020-05-05T08:42:43+00:00\",\"breadcrumb\":{\"@id\":\"https:\/\/fratelliscala.eu\/en\/cookie-policy\/#breadcrumb\"},\"inLanguage\":\"en-US\",\"potentialAction\":[{\"@type\":\"ReadAction\",\"target\":[\"https:\/\/fratelliscala.eu\/en\/cookie-policy\/\"]}]},{\"@type\":\"BreadcrumbList\",\"@id\":\"https:\/\/fratelliscala.eu\/en\/cookie-policy\/#breadcrumb\",\"itemListElement\":[{\"@type\":\"ListItem\",\"position\":1,\"name\":\"Home\",\"item\":\"https:\/\/fratelliscala.eu\/en\/\"},{\"@type\":\"ListItem\",\"position\":2,\"name\":\"Cookie Policy\"}]},{\"@type\":\"WebSite\",\"@id\":\"https:\/\/fratelliscala.eu\/en\/#website\",\"url\":\"https:\/\/fratelliscala.eu\/en\/\",\"name\":\"Fratelli Scala\",\"description\":\"Fratelli Scala Lavorazione Marmo, Granito e Lavorati\",\"potentialAction\":[{\"@type\":\"SearchAction\",\"target\":{\"@type\":\"EntryPoint\",\"urlTemplate\":\"https:\/\/fratelliscala.eu\/en\/?s={search_term_string}\"},\"query-input\":{\"@type\":\"PropertyValueSpecification\",\"valueRequired\":true,\"valueName\":\"search_term_string\"}}],\"inLanguage\":\"en-US\"}]}<\/script>\n<!-- \/ Yoast SEO plugin. -->","yoast_head_json":{"title":"Cookie Policy - Fratelli Scala","robots":{"index":"index","follow":"follow","max-snippet":"max-snippet:-1","max-image-preview":"max-image-preview:large","max-video-preview":"max-video-preview:-1"},"canonical":"https:\/\/fratelliscala.eu\/en\/cookie-policy\/","og_locale":"en_US","og_type":"article","og_title":"Cookie Policy - Fratelli Scala","og_description":"Cookie Policy di fratelliscala.eu\/ I Cookie o altri Identificatori sono costituiti da porzioni di codice collocate sul dispositivo dell&#8217;Utente che [&hellip;]","og_url":"https:\/\/fratelliscala.eu\/en\/cookie-policy\/","og_site_name":"Fratelli Scala","article_modified_time":"2020-05-05T08:42:43+00:00","twitter_card":"summary_large_image","twitter_misc":{"Est. reading time":"6 minutes"},"schema":{"@context":"https:\/\/schema.org","@graph":[{"@type":"WebPage","@id":"https:\/\/fratelliscala.eu\/en\/cookie-policy\/","url":"https:\/\/fratelliscala.eu\/en\/cookie-policy\/","name":"Cookie Policy - Fratelli Scala","isPartOf":{"@id":"https:\/\/fratelliscala.eu\/en\/#website"},"datePublished":"2020-04-21T13:57:23+00:00","dateModified":"2020-05-05T08:42:43+00:00","breadcrumb":{"@id":"https:\/\/fratelliscala.eu\/en\/cookie-policy\/#breadcrumb"},"inLanguage":"en-US","potentialAction":[{"@type":"ReadAction","target":["https:\/\/fratelliscala.eu\/en\/cookie-policy\/"]}]},{"@type":"BreadcrumbList","@id":"https:\/\/fratelliscala.eu\/en\/cookie-policy\/#breadcrumb","itemListElement":[{"@type":"ListItem","position":1,"name":"Home","item":"https:\/\/fratelliscala.eu\/en\/"},{"@type":"ListItem","position":2,"name":"Cookie Policy"}]},{"@type":"WebSite","@id":"https:\/\/fratelliscala.eu\/en\/#website","url":"https:\/\/fratelliscala.eu\/en\/","name":"Fratelli Scala","description":"Fratelli Scala Lavorazione Marmo, Granito e Lavorati","potentialAction":[{"@type":"SearchAction","target":{"@type":"EntryPoint","urlTemplate":"https:\/\/fratelliscala.eu\/en\/?s={search_term_string}"},"query-input":{"@type":"PropertyValueSpecification","valueRequired":true,"valueName":"search_term_string"}}],"inLanguage":"en-US"}]}},"_links":{"self":[{"href":"https:\/\/fratelliscala.eu\/en\/wp-json\/wp\/v2\/pages\/79844","targetHints":{"allow":["GET"]}}],"collection":[{"href":"https:\/\/fratelliscala.eu\/en\/wp-json\/wp\/v2\/pages"}],"about":[{"href":"https:\/\/fratelliscala.eu\/en\/wp-json\/wp\/v2\/types\/page"}],"author":[{"embeddable":true,"href":"https:\/\/fratelliscala.eu\/en\/wp-json\/wp\/v2\/users\/3"}],"replies":[{"embeddable":true,"href":"https:\/\/fratelliscala.eu\/en\/wp-json\/wp\/v2\/comments?post=79844"}],"version-history":[{"count":1,"href":"https:\/\/fratelliscala.eu\/en\/wp-json\/wp\/v2\/pages\/79844\/revisions"}],"predecessor-version":[{"id":79846,"href":"https:\/\/fratelliscala.eu\/en\/wp-json\/wp\/v2\/pages\/79844\/revisions\/79846"}],"wp:attachment":[{"href":"https:\/\/fratelliscala.eu\/en\/wp-json\/wp\/v2\/media?parent=79844"}],"curies":[{"name":"wp","href":"https:\/\/api.w.org\/{rel}","templated":true}]}}