{"id":79847,"date":"2015-09-09T11:09:12","date_gmt":"2015-09-09T11:09:12","guid":{"rendered":"https:\/\/fratelliscala.eu\/home\/"},"modified":"2020-05-12T08:43:10","modified_gmt":"2020-05-12T08:43:10","slug":"home","status":"publish","type":"page","link":"https:\/\/fratelliscala.eu\/de\/","title":{"rendered":"Home"},"content":{"rendered":"<div class=\"wpb-content-wrapper\"><p>[vc_row row_height_percent=&#8220;0&#8243; overlay_alpha=&#8220;0&#8243; gutter_size=&#8220;100&#8243; column_width_percent=&#8220;100&#8243; shift_y=&#8220;0&#8243; z_index=&#8220;0&#8243; style=&#8220;inherited&#8220; row_height_pixel=&#8220;0&#8243; el_class=&#8220;container&#8220; row_name=&#8220;azienda&#8220;][vc_column column_width_percent=&#8220;100&#8243; align_horizontal=&#8220;align_center&#8220; gutter_size=&#8220;4&#8243; overlay_alpha=&#8220;100&#8243; shift_x=&#8220;0&#8243; shift_y=&#8220;0&#8243; z_index=&#8220;0&#8243; medium_width=&#8220;0&#8243; zoom_width=&#8220;0&#8243; zoom_height=&#8220;0&#8243; width=&#8220;1\/1&#8243;][vc_column_text]<\/p>\n<h3 style=\"text-align: center;\">F.LLI SCALA MARMI<\/h3>\n<p>[\/vc_column_text][\/vc_column][\/vc_row][vc_row row_height_percent=&#8220;100&#8243; override_padding=&#8220;yes&#8220; h_padding=&#8220;1&#8243; top_padding=&#8220;0&#8243; bottom_padding=&#8220;0&#8243; back_image=&#8220;79568&#8243; back_repeat=&#8220;no-repeat&#8220; back_position=&#8220;center top&#8220; overlay_alpha=&#8220;0&#8243; gutter_size=&#8220;0&#8243; column_width_percent=&#8220;100&#8243; shift_y=&#8220;0&#8243; z_index=&#8220;0&#8243; css=&#8220;.vc_custom_1562576655546{padding-top: 0px !important;padding-right: 0px !important;padding-bottom: 0px !important;padding-left: 0px !important;}&#8220; el_class=&#8220;container-caption&#8220;][vc_column column_width_percent=&#8220;100&#8243; gutter_size=&#8220;3&#8243; overlay_alpha=&#8220;50&#8243; shift_x=&#8220;0&#8243; shift_y=&#8220;0&#8243; shift_y_down=&#8220;0&#8243; z_index=&#8220;0&#8243; medium_width=&#8220;0&#8243; mobile_width=&#8220;0&#8243; width=&#8220;1\/1&#8243; css=&#8220;.vc_custom_1562332180933{border-right-width: 10px !important;border-left-width: 10px !important;}&#8220;][vc_column_text el_class=&#8220;caption&#8220; css=&#8220;.vc_custom_1588668581867{border-right-width: 0px !important;border-left-width: 0px !important;padding-top: 20px !important;padding-right: 50px !important;padding-bottom: 50px !important;padding-left: 50px !important;}&#8220;]<\/p>\n<p style=\"text-align: center;\"><img decoding=\"async\" class=\"aligncenter wp-image-79513\" src=\"\/wp-content\/uploads\/2019\/07\/logo_scalamarmi_def.svg\" alt=\"\" width=\"150\" height=\"150\" \/><\/p>\n<h4 style=\"text-align: center;\"><span style=\"color: #ffffff;\"><strong>DIE FRATELLI SCALA IST EINES DER F\u00dcHRENDEN ITALIENISCHEN UNTERNEHMEN IM BEREICH DER HERSTELLUNG VON GRANIT,\u00a0<\/strong><strong>MARMORFLIESEN UND HALBFERTIGERZEUGNISSEN IM ALLGEMEINEN.<\/strong><\/span><\/h4>\n<p style=\"text-align: center;\">UNSERE ERFAHRUNG BEIM ZUSCHNEIDEN VON MARMOR- UND GRANITPLATTEN BEGINNT VOR LANGER ZEIT: WIR SIND SEIT ZWEI GENERATIONEN ALS MARMORSTEINMETZE T\u00c4TIG UND HEUTE EIN AUF ITALIENISCHER UND EUROP\u00c4ISCHER EBENE KONSOLIDIERTES UNTERNEHMEN. VOR VIER JAHRZEHNTEN, IM JAHR 1978, HABEN UNSERE V\u00c4TER BESCHLOSSEN, IN IHRER HEIMATREGION, DEM VALPANTENA-TAL, EIN UNTERNEHMEN ZU GR\u00dcNDEN: DIE FRATELLI SCALA MARMI. UNSER HERKUNFTSORT, LUGO DI GREZZANA, IST NUR RUND ZWANZIG KILOMETER VON DER STADTMITTE VON VERONA ENTFERNT. SEIT ENDE DER SIEBZIGER JAHRE HAT SICH DIE ZUM SCHNEIDEN VON MARMOR- UND GRANITPLATTEN EINGESETZTE TECHNOLOGIE GEWANDELT. HEUTE MACHEN UNSERE TECHNOLOGIEANLAGEN ES UNS M\u00d6GLICH, DEN ZAHLREICHEN ANFRAGEN UND BED\u00dcRFNISSEN UNSERER KUNDEN GERECHT ZU WERDEN. UNSERE PHILOSOPHIE HAT SICH JEDOCH SEIT DAMALS NICHT VER\u00c4NDERT: DIE QUALIT\u00c4T UNSERER PRODUKTE IST IMMER DAS RESULTAT UNSERER ERFAHRUNG. DAS HAT ES UNS M\u00d6GLICH GEMACHT, DIE KUNDEN \u00dcBER DIE WERTE, DIE UNS VERMITTELT WURDEN \u2013 ZUVERL\u00c4SSIGKEIT, SICHERHEIT UND DYNAMIK \u2013 AN UNS ZU BINDEN: EIN WICHTIGES UNTERSCHEIDUNGSMERKMAL IN DER SEHR GROSSEN MARMOR- UND GRANITBRANCHE. DIESE WERTE SIND DAS FUNDAMENT UNSERER T\u00c4TIGKEIT, DENN DIE ZUFRIEDENHEIT UNSERER KUNDEN IST UNSER AUSH\u00c4NGESCHILD. NEBEN DEM SCHNEIDEN VON MARMOR- UND GRANITPLATTEN K\u00d6NNEN WIR AUCH ZAHLREICHE ARTEN VON BEARBEITUNGEN ANBIETEN: VOM SCHLEIFEN \u00dcBER FLAMMEN UND POLIEREN BIS HIN ZUM SATINIEREN. OFT WERDEN UNTERNEHMEN GEFRAGT, WIE IHRE VISION F\u00dcR DIE ZUKUNFT AUSSIEHT. F\u00dcR MARCO, DANIELA UND NADIA SCALA IST DIE ANTWORT GANZ KLAR: WIR WOLLEN UNSERE WERTE AUFRECHT ERHALTEN, UM IHR VERTRAUEN ZU ST\u00c4RKEN.<\/p>\n<p>[\/vc_column_text][\/vc_column][\/vc_row][vc_row row_height_percent=&#8220;0&#8243; overlay_alpha=&#8220;0&#8243; gutter_size=&#8220;100&#8243; column_width_percent=&#8220;100&#8243; shift_y=&#8220;0&#8243; z_index=&#8220;0&#8243; style=&#8220;inherited&#8220; el_class=&#8220;container&#8220;][vc_column column_width_percent=&#8220;100&#8243; align_horizontal=&#8220;align_center&#8220; gutter_size=&#8220;4&#8243; overlay_alpha=&#8220;100&#8243; shift_x=&#8220;0&#8243; shift_y=&#8220;0&#8243; z_index=&#8220;0&#8243; medium_width=&#8220;0&#8243; zoom_width=&#8220;0&#8243; zoom_height=&#8220;0&#8243; width=&#8220;1\/1&#8243;][vc_column_text]<\/p>\n<h3 style=\"text-align: center;\">LEIDENSCHAFT STEIN SEIT 1978<\/h3>\n<p>[\/vc_column_text][\/vc_column][\/vc_row][vc_row row_height_percent=&#8220;0&#8243; back_image=&#8220;79535&#8243; overlay_alpha=&#8220;50&#8243; gutter_size=&#8220;3&#8243; column_width_percent=&#8220;100&#8243; shift_y=&#8220;0&#8243; z_index=&#8220;0&#8243; css=&#8220;.vc_custom_1562338144915{padding-top: 0px !important;padding-right: 0px !important;padding-bottom: 0px !important;padding-left: 0px !important;}&#8220; el_class=&#8220;video_homepage&#8220;][vc_column column_width_percent=&#8220;100&#8243; gutter_size=&#8220;3&#8243; overlay_alpha=&#8220;50&#8243; shift_x=&#8220;0&#8243; shift_y=&#8220;0&#8243; shift_y_down=&#8220;0&#8243; z_index=&#8220;0&#8243; medium_width=&#8220;0&#8243; mobile_width=&#8220;0&#8243; width=&#8220;1\/1&#8243; css=&#8220;.vc_custom_1561541617382{padding-top: 0px !important;padding-right: 0px !important;padding-bottom: 0px !important;padding-left: 0px !important;}&#8220;][vc_single_image media=&#8220;79543&#8243; media_width_percent=&#8220;100&#8243; alignment=&#8220;right&#8220;][\/vc_column][\/vc_row][vc_row row_height_percent=&#8220;0&#8243; overlay_alpha=&#8220;0&#8243; gutter_size=&#8220;100&#8243; column_width_percent=&#8220;100&#8243; shift_y=&#8220;0&#8243; z_index=&#8220;0&#8243; style=&#8220;inherited&#8220; el_class=&#8220;container&#8220; row_name=&#8220;lavorazioni&#8220;][vc_column column_width_percent=&#8220;100&#8243; align_horizontal=&#8220;align_center&#8220; gutter_size=&#8220;4&#8243; overlay_alpha=&#8220;100&#8243; shift_x=&#8220;0&#8243; shift_y=&#8220;0&#8243; z_index=&#8220;0&#8243; medium_width=&#8220;0&#8243; zoom_width=&#8220;0&#8243; zoom_height=&#8220;0&#8243; width=&#8220;1\/1&#8243;][vc_column_text]<\/p>\n<h3 style=\"text-align: center;\">BEARBEITUNGEN<\/h3>\n<p>[\/vc_column_text][\/vc_column][\/vc_row][vc_row unlock_row_content=&#8220;yes&#8220; row_height_percent=&#8220;0&#8243; override_padding=&#8220;yes&#8220; h_padding=&#8220;0&#8243; top_padding=&#8220;0&#8243; bottom_padding=&#8220;0&#8243; back_color=&#8220;color-rgdb&#8220; overlay_alpha=&#8220;100&#8243; gutter_size=&#8220;100&#8243; column_width_percent=&#8220;100&#8243; shift_y=&#8220;0&#8243; z_index=&#8220;0&#8243; style=&#8220;inherited&#8220;][vc_column column_width_percent=&#8220;100&#8243; align_horizontal=&#8220;align_center&#8220; gutter_size=&#8220;4&#8243; overlay_alpha=&#8220;100&#8243; shift_x=&#8220;0&#8243; shift_y=&#8220;0&#8243; z_index=&#8220;0&#8243; medium_width=&#8220;0&#8243; zoom_width=&#8220;0&#8243; zoom_height=&#8220;0&#8243; width=&#8220;1\/1&#8243;][uncode_index el_id=&#8220;index-273071&#8243; isotope_mode=&#8220;fitRows&#8220; loop=&#8220;size:4|order_by:date|post_type:portfolio|by_id:4089,4081,4078,4071&#8243; index_back_color=&#8220;color-nhtu&#8220; gutter_size=&#8220;0&#8243; portfolio_items=&#8220;media|featured|nolink|original,title,sep-one|reduced,text|excerpt&#8220; screen_lg=&#8220;1000&#8243; screen_md=&#8220;600&#8243; screen_sm=&#8220;480&#8243; single_width=&#8220;3&#8243; single_back_color=&#8220;color-nhtu&#8220; single_overlay_opacity=&#8220;50&#8243; single_h_align=&#8220;center&#8220; single_padding=&#8220;3&#8243; single_text_reduced=&#8220;yes&#8220; single_title_weight=&#8220;300&#8243; single_border=&#8220;yes&#8220;][\/vc_column][\/vc_row]<\/p>\n<\/div>","protected":false},"excerpt":{"rendered":"<p>[vc_row row_height_percent=&#8220;0&#8243; overlay_alpha=&#8220;0&#8243; gutter_size=&#8220;100&#8243; column_width_percent=&#8220;100&#8243; shift_y=&#8220;0&#8243; z_index=&#8220;0&#8243; style=&#8220;inherited&#8220; row_height_pixel=&#8220;0&#8243; el_class=&#8220;container&#8220; row_name=&#8220;azienda&#8220;][vc_column column_width_percent=&#8220;100&#8243; align_horizontal=&#8220;align_center&#8220; gutter_size=&#8220;4&#8243; overlay_alpha=&#8220;100&#8243; shift_x=&#8220;0&#8243; shift_y=&#8220;0&#8243; z_index=&#8220;0&#8243; medium_width=&#8220;0&#8243; zoom_width=&#8220;0&#8243; [&hellip;]<\/p>\n","protected":false},"author":3,"featured_media":0,"parent":0,"menu_order":0,"comment_status":"closed","ping_status":"closed","template":"","meta":{"inline_featured_image":false,"footnotes":""},"class_list":["post-79847","page","type-page","status-publish","hentry"],"yoast_head":"<!-- This site is optimized with the Yoast SEO plugin v25.9 - https:\/\/yoast.com\/wordpress\/plugins\/seo\/ -->\n<title>Fratelli Scala Marmi - Marmorfliessen Granit Halbfertigerzeugnissen<\/title>\n<meta name=\"description\" content=\"Die Fratelli Scala ist eines der f\u00fchrenden italienischen unternehmen im bereich der herstellung von granit,\u00a0marmorfliesen und halbfertigerzeugnissen im allgemeinen.\" \/>\n<meta name=\"robots\" content=\"index, follow, max-snippet:-1, max-image-preview:large, max-video-preview:-1\" \/>\n<link rel=\"canonical\" href=\"https:\/\/fratelliscala.eu\/de\/\" \/>\n<meta property=\"og:locale\" content=\"de_DE\" \/>\n<meta property=\"og:type\" content=\"article\" \/>\n<meta property=\"og:title\" content=\"Fratelli Scala Marmi - Marmorfliessen Granit Halbfertigerzeugnissen\" \/>\n<meta property=\"og:description\" content=\"Die Fratelli Scala ist eines der f\u00fchrenden italienischen unternehmen im bereich der herstellung von granit,\u00a0marmorfliesen und halbfertigerzeugnissen im allgemeinen.\" \/>\n<meta property=\"og:url\" content=\"https:\/\/fratelliscala.eu\/de\/\" \/>\n<meta property=\"og:site_name\" content=\"Fratelli Scala\" \/>\n<meta property=\"article:modified_time\" content=\"2020-05-12T08:43:10+00:00\" \/>\n<meta name=\"twitter:card\" content=\"summary_large_image\" \/>\n<meta name=\"twitter:label1\" content=\"Gesch\u00e4tzte Lesezeit\" \/>\n\t<meta name=\"twitter:data1\" content=\"4\u00a0Minuten\" \/>\n<script type=\"application\/ld+json\" class=\"yoast-schema-graph\">{\"@context\":\"https:\/\/schema.org\",\"@graph\":[{\"@type\":\"WebPage\",\"@id\":\"https:\/\/fratelliscala.eu\/de\/\",\"url\":\"https:\/\/fratelliscala.eu\/de\/\",\"name\":\"Fratelli Scala Marmi - Marmorfliessen Granit Halbfertigerzeugnissen\",\"isPartOf\":{\"@id\":\"https:\/\/fratelliscala.eu\/de\/#website\"},\"datePublished\":\"2015-09-09T11:09:12+00:00\",\"dateModified\":\"2020-05-12T08:43:10+00:00\",\"description\":\"Die Fratelli Scala ist eines der f\u00fchrenden italienischen unternehmen im bereich der herstellung von granit,\u00a0marmorfliesen und halbfertigerzeugnissen im allgemeinen.\",\"breadcrumb\":{\"@id\":\"https:\/\/fratelliscala.eu\/de\/#breadcrumb\"},\"inLanguage\":\"de\",\"potentialAction\":[{\"@type\":\"ReadAction\",\"target\":[\"https:\/\/fratelliscala.eu\/de\/\"]}]},{\"@type\":\"BreadcrumbList\",\"@id\":\"https:\/\/fratelliscala.eu\/de\/#breadcrumb\",\"itemListElement\":[{\"@type\":\"ListItem\",\"position\":1,\"name\":\"Home\",\"item\":\"https:\/\/fratelliscala.eu\/de\/\"},{\"@type\":\"ListItem\",\"position\":2,\"name\":\"Home\"}]},{\"@type\":\"WebSite\",\"@id\":\"https:\/\/fratelliscala.eu\/de\/#website\",\"url\":\"https:\/\/fratelliscala.eu\/de\/\",\"name\":\"Fratelli Scala\",\"description\":\"Fratelli Scala Lavorazione Marmo, Granito e Lavorati\",\"potentialAction\":[{\"@type\":\"SearchAction\",\"target\":{\"@type\":\"EntryPoint\",\"urlTemplate\":\"https:\/\/fratelliscala.eu\/de\/?s={search_term_string}\"},\"query-input\":{\"@type\":\"PropertyValueSpecification\",\"valueRequired\":true,\"valueName\":\"search_term_string\"}}],\"inLanguage\":\"de\"}]}<\/script>\n<!-- \/ Yoast SEO plugin. -->","yoast_head_json":{"title":"Fratelli Scala Marmi - Marmorfliessen Granit Halbfertigerzeugnissen","description":"Die Fratelli Scala ist eines der f\u00fchrenden italienischen unternehmen im bereich der herstellung von granit,\u00a0marmorfliesen und halbfertigerzeugnissen im allgemeinen.","robots":{"index":"index","follow":"follow","max-snippet":"max-snippet:-1","max-image-preview":"max-image-preview:large","max-video-preview":"max-video-preview:-1"},"canonical":"https:\/\/fratelliscala.eu\/de\/","og_locale":"de_DE","og_type":"article","og_title":"Fratelli Scala Marmi - Marmorfliessen Granit Halbfertigerzeugnissen","og_description":"Die Fratelli Scala ist eines der f\u00fchrenden italienischen unternehmen im bereich der herstellung von granit,\u00a0marmorfliesen und halbfertigerzeugnissen im allgemeinen.","og_url":"https:\/\/fratelliscala.eu\/de\/","og_site_name":"Fratelli Scala","article_modified_time":"2020-05-12T08:43:10+00:00","twitter_card":"summary_large_image","twitter_misc":{"Gesch\u00e4tzte Lesezeit":"4\u00a0Minuten"},"schema":{"@context":"https:\/\/schema.org","@graph":[{"@type":"WebPage","@id":"https:\/\/fratelliscala.eu\/de\/","url":"https:\/\/fratelliscala.eu\/de\/","name":"Fratelli Scala Marmi - Marmorfliessen Granit Halbfertigerzeugnissen","isPartOf":{"@id":"https:\/\/fratelliscala.eu\/de\/#website"},"datePublished":"2015-09-09T11:09:12+00:00","dateModified":"2020-05-12T08:43:10+00:00","description":"Die Fratelli Scala ist eines der f\u00fchrenden italienischen unternehmen im bereich der herstellung von granit,\u00a0marmorfliesen und halbfertigerzeugnissen im allgemeinen.","breadcrumb":{"@id":"https:\/\/fratelliscala.eu\/de\/#breadcrumb"},"inLanguage":"de","potentialAction":[{"@type":"ReadAction","target":["https:\/\/fratelliscala.eu\/de\/"]}]},{"@type":"BreadcrumbList","@id":"https:\/\/fratelliscala.eu\/de\/#breadcrumb","itemListElement":[{"@type":"ListItem","position":1,"name":"Home","item":"https:\/\/fratelliscala.eu\/de\/"},{"@type":"ListItem","position":2,"name":"Home"}]},{"@type":"WebSite","@id":"https:\/\/fratelliscala.eu\/de\/#website","url":"https:\/\/fratelliscala.eu\/de\/","name":"Fratelli Scala","description":"Fratelli Scala Lavorazione Marmo, Granito e Lavorati","potentialAction":[{"@type":"SearchAction","target":{"@type":"EntryPoint","urlTemplate":"https:\/\/fratelliscala.eu\/de\/?s={search_term_string}"},"query-input":{"@type":"PropertyValueSpecification","valueRequired":true,"valueName":"search_term_string"}}],"inLanguage":"de"}]}},"_links":{"self":[{"href":"https:\/\/fratelliscala.eu\/de\/wp-json\/wp\/v2\/pages\/79847","targetHints":{"allow":["GET"]}}],"collection":[{"href":"https:\/\/fratelliscala.eu\/de\/wp-json\/wp\/v2\/pages"}],"about":[{"href":"https:\/\/fratelliscala.eu\/de\/wp-json\/wp\/v2\/types\/page"}],"author":[{"embeddable":true,"href":"https:\/\/fratelliscala.eu\/de\/wp-json\/wp\/v2\/users\/3"}],"replies":[{"embeddable":true,"href":"https:\/\/fratelliscala.eu\/de\/wp-json\/wp\/v2\/comments?post=79847"}],"version-history":[{"count":5,"href":"https:\/\/fratelliscala.eu\/de\/wp-json\/wp\/v2\/pages\/79847\/revisions"}],"predecessor-version":[{"id":79948,"href":"https:\/\/fratelliscala.eu\/de\/wp-json\/wp\/v2\/pages\/79847\/revisions\/79948"}],"wp:attachment":[{"href":"https:\/\/fratelliscala.eu\/de\/wp-json\/wp\/v2\/media?parent=79847"}],"curies":[{"name":"wp","href":"https:\/\/api.w.org\/{rel}","templated":true}]}}